{"id":698,"date":"2022-09-09T12:31:17","date_gmt":"2022-09-09T12:31:17","guid":{"rendered":"https:\/\/demo.creativethemes.com\/elementor\/gadgets\/?page_id=698"},"modified":"2024-07-09T16:48:22","modified_gmt":"2024-07-09T16:48:22","slug":"about-us","status":"publish","type":"page","link":"https:\/\/lamotbach.com\/index.php\/about-us\/","title":{"rendered":"O mnie"},"content":{"rendered":"\t\t<div data-elementor-type=\"wp-page\" data-elementor-id=\"698\" class=\"elementor elementor-698\">\n\t\t\t\t\t\t\t<div class=\"elementor-element elementor-element-b5edf52 e-flex e-con-boxed e-con\" data-id=\"b5edf52\" data-element_type=\"container\" data-settings=\"{&quot;background_background&quot;:&quot;classic&quot;,&quot;content_width&quot;:&quot;boxed&quot;}\">\n\t\t\t\t\t<div class=\"e-con-inner\">\n\t\t\t\t<div class=\"elementor-element elementor-element-be4fce4 elementor-widget elementor-widget-heading\" data-id=\"be4fce4\" data-element_type=\"widget\" data-widget_type=\"heading.default\">\n\t\t\t\t<div class=\"elementor-widget-container\">\n\t\t\t<style>\/*! elementor - v3.14.0 - 26-06-2023 *\/\n.elementor-heading-title{padding:0;margin:0;line-height:1}.elementor-widget-heading .elementor-heading-title[class*=elementor-size-]>a{color:inherit;font-size:inherit;line-height:inherit}.elementor-widget-heading .elementor-heading-title.elementor-size-small{font-size:15px}.elementor-widget-heading .elementor-heading-title.elementor-size-medium{font-size:19px}.elementor-widget-heading .elementor-heading-title.elementor-size-large{font-size:29px}.elementor-widget-heading .elementor-heading-title.elementor-size-xl{font-size:39px}.elementor-widget-heading .elementor-heading-title.elementor-size-xxl{font-size:59px}<\/style><h2 class=\"elementor-heading-title elementor-size-default\">O mnie<\/h2>\t\t<\/div>\n\t\t\t\t<\/div>\n\t\t\t\t\t<\/div>\n\t\t\t\t<\/div>\n\t\t<div class=\"elementor-element elementor-element-cdae30b e-flex e-con-boxed e-con\" data-id=\"cdae30b\" data-element_type=\"container\" data-settings=\"{&quot;content_width&quot;:&quot;boxed&quot;}\">\n\t\t\t\t\t<div class=\"e-con-inner\">\n\t\t<div class=\"elementor-element elementor-element-8af02aa e-flex e-con-boxed e-con\" data-id=\"8af02aa\" data-element_type=\"container\" data-settings=\"{&quot;content_width&quot;:&quot;boxed&quot;}\">\n\t\t\t\t\t<div class=\"e-con-inner\">\n\t\t\t\t<div class=\"elementor-element elementor-element-862e703 elementor-widget elementor-widget-text-editor\" data-id=\"862e703\" data-element_type=\"widget\" data-widget_type=\"text-editor.default\">\n\t\t\t\t<div class=\"elementor-widget-container\">\n\t\t\t<style>\/*! elementor - v3.14.0 - 26-06-2023 *\/\n.elementor-widget-text-editor.elementor-drop-cap-view-stacked .elementor-drop-cap{background-color:#69727d;color:#fff}.elementor-widget-text-editor.elementor-drop-cap-view-framed .elementor-drop-cap{color:#69727d;border:3px solid;background-color:transparent}.elementor-widget-text-editor:not(.elementor-drop-cap-view-default) .elementor-drop-cap{margin-top:8px}.elementor-widget-text-editor:not(.elementor-drop-cap-view-default) .elementor-drop-cap-letter{width:1em;height:1em}.elementor-widget-text-editor .elementor-drop-cap{float:left;text-align:center;line-height:1;font-size:50px}.elementor-widget-text-editor .elementor-drop-cap-letter{display:inline-block}<\/style>\t\t\t\t<p class=\"western\" align=\"left\">Moja mi\u0142o\u015b\u0107 do komputer\u00f3w narodzi\u0142a jeszcze w dzieci\u0144stwie. By\u0142y to czasy w kt\u00f3rych MMX kr\u00f3lowa\u0142 a d\u017awi\u0119k \u0142\u0105czenia z internetem m\u00f3g\u0142 przyprawi\u0107 o zawa\u0142 serca. Przygod\u0119 z programowaniem zacz\u0105\u0142em w gimnazjum. Wtedy by\u0142 to, teraz ju\u017c dawno zapomniany, Turbo Pascal i nie\u015bmiertelny HTML.<\/p><p class=\"western\" align=\"left\">Od 2015 roku zajmuje si\u0119 obs\u0142ug\u0105 i programowaniem maszyn CNC w j\u0119zyku G-code, na potrzeby dzia\u0142u badawczo-rozwojowego. W mi\u0119dzyczasie studiowa\u0142em logistyk\u0119, co zaowocowa\u0142o zdobyciem tytu\u0142u in\u017cyniera.<\/p><p class=\"western\" align=\"left\">Po zako\u0144czeniu studi\u00f3w, zauwa\u017cy\u0142em jak bardzo brakuje mi uczenia si\u0119. Postanowi\u0142em \u017ce programowanie b\u0119dzie \u015bwietnym rozwini\u0119ciem moich dotychczasowych umiej\u0119tno\u015bci. Nie ma przecie\u017c nowoczesnej logistyki bez odpowiedniego oprogramowania. Po odrobinie researchu, wybra\u0142em Pythona jako sw\u00f3j j\u0119zyk. Przede wszystkim ze wzgl\u0119du na jego uniwersalno\u015b\u0107 i bogaty zestaw bibliotek.<\/p><p class=\"western\" align=\"left\">Moja mi\u0142o\u015b\u0107 rozkwit\u0142a na nowo. Ilo\u015b\u0107 temat\u00f3w i technologii kt\u00f3re nale\u017cy pozna\u0107 mo\u017ce wielu przerazi\u0107 ale dla mnie jest to dodatkowy atut. Podoba mi si\u0119 my\u015bl \u017ce zawsze b\u0119d\u0119 mia\u0142 nowy temat do zg\u0142\u0119bienia i nowe umiej\u0119tno\u015bci do podszlifowania. A dzi\u0119ki niesamowitej ilo\u015bci anglo-j\u0119zycznych zasob\u00f3w, dost\u0119pnych w internecie, wszystko jest w zasi\u0119gu r\u0119ki. Programowanie \u201epo godzinach\u201d ju\u017c mi nie wystarcza. Chc\u0119 i\u015b\u0107 krok dalej i zmieni\u0107 to w swoj\u0105 prac\u0119, wnosz\u0105c ze sob\u0105 swoja znajomo\u015b\u0107 proces\u00f3w i logiki biznesowej. Moim g\u0142\u00f3wnym zainteresowaniem i priorytetem jest backend. Ale poznaje r\u00f3wnie\u017c frontend w zakresie kt\u00f3ry pozwala mi na realizacj\u0119 w\u0142asnych projekt\u00f3w.<\/p><p class=\"western\" align=\"left\">Aktualnie, zg\u0142\u0119biam temat Machine Learning i AI. W tym zakresie, tworz\u0119 w\u0142asny projekt, SWGR.<\/p><p class=\"western\" align=\"left\">Co b\u0119dzie moim kolejnym krokiem ? Lepsze poznanie mo\u017cliwo\u015bci platform chmurowych, takich jak AWS. Oraz poszerzenie umiej\u0119tno\u015bci o jaki\u015b j\u0119zyk nisko-poziomowy. Moje zainteresowanie budzi C++.<\/p>\t\t\t\t\t\t<\/div>\n\t\t\t\t<\/div>\n\t\t\t\t\t<\/div>\n\t\t\t\t<\/div>\n\t\t\t\t\t<\/div>\n\t\t\t\t<\/div>\n\t\t<div class=\"elementor-element elementor-element-d046343 e-flex e-con-boxed e-con\" data-id=\"d046343\" data-element_type=\"container\" data-settings=\"{&quot;content_width&quot;:&quot;boxed&quot;}\">\n\t\t\t\t\t<div class=\"e-con-inner\">\n\t\t<div class=\"elementor-element elementor-element-5fb1d68 e-flex e-con-boxed e-con\" data-id=\"5fb1d68\" data-element_type=\"container\" data-settings=\"{&quot;content_width&quot;:&quot;boxed&quot;}\">\n\t\t\t\t\t<div class=\"e-con-inner\">\n\t\t<div class=\"elementor-element elementor-element-234a515 e-con-full e-flex e-con\" data-id=\"234a515\" data-element_type=\"container\" data-settings=\"{&quot;content_width&quot;:&quot;full&quot;}\">\n\t\t\t\t<div class=\"elementor-element elementor-element-f14a234 elementor-view-stacked elementor-shape-circle elementor-mobile-position-top elementor-vertical-align-top elementor-widget elementor-widget-icon-box\" data-id=\"f14a234\" data-element_type=\"widget\" data-widget_type=\"icon-box.default\">\n\t\t\t\t<div class=\"elementor-widget-container\">\n\t\t\t<link rel=\"stylesheet\" href=\"https:\/\/lamotbach.com\/wp-content\/plugins\/elementor\/assets\/css\/widget-icon-box.min.css\">\t\t<div class=\"elementor-icon-box-wrapper\">\n\t\t\t\t\t\t<div class=\"elementor-icon-box-icon\">\n\t\t\t\t<a class=\"elementor-icon elementor-animation-\" href=\"http:\/\/lamotbach.com\/index.php\/stack\/\">\n\t\t\t\t<i aria-hidden=\"true\" class=\"fas fa-layer-group\"><\/i>\t\t\t\t<\/a>\n\t\t\t<\/div>\n\t\t\t\t\t\t<div class=\"elementor-icon-box-content\">\n\t\t\t\t<h3 class=\"elementor-icon-box-title\">\n\t\t\t\t\t<a href=\"http:\/\/lamotbach.com\/index.php\/stack\/\" >\n\t\t\t\t\t\tM\u00f3j tech stack\t\t\t\t\t<\/a>\n\t\t\t\t<\/h3>\n\t\t\t\t\t\t\t\t\t<p class=\"elementor-icon-box-description\">\n\t\t\t\t\t\tJ\u0119zyki i technologie kt\u00f3re znam i stosuje w moich projektach.\t\t\t\t\t<\/p>\n\t\t\t\t\t\t\t<\/div>\n\t\t<\/div>\n\t\t\t\t<\/div>\n\t\t\t\t<\/div>\n\t\t\t\t<\/div>\n\t\t<div class=\"elementor-element elementor-element-4d5eb26 e-con-full e-flex e-con\" data-id=\"4d5eb26\" data-element_type=\"container\" data-settings=\"{&quot;content_width&quot;:&quot;full&quot;}\">\n\t\t\t\t<div class=\"elementor-element elementor-element-9e308b6 elementor-view-stacked elementor-shape-circle elementor-mobile-position-top elementor-vertical-align-top elementor-widget elementor-widget-icon-box\" data-id=\"9e308b6\" data-element_type=\"widget\" data-widget_type=\"icon-box.default\">\n\t\t\t\t<div class=\"elementor-widget-container\">\n\t\t\t\t\t<div class=\"elementor-icon-box-wrapper\">\n\t\t\t\t\t\t<div class=\"elementor-icon-box-icon\">\n\t\t\t\t<a class=\"elementor-icon elementor-animation-\" href=\"http:\/\/lamotbach.com\/index.php\/projekty\/\">\n\t\t\t\t<i aria-hidden=\"true\" class=\"fas fa-code-branch\"><\/i>\t\t\t\t<\/a>\n\t\t\t<\/div>\n\t\t\t\t\t\t<div class=\"elementor-icon-box-content\">\n\t\t\t\t<h3 class=\"elementor-icon-box-title\">\n\t\t\t\t\t<a href=\"http:\/\/lamotbach.com\/index.php\/projekty\/\" >\n\t\t\t\t\t\tMoje projekty\t\t\t\t\t<\/a>\n\t\t\t\t<\/h3>\n\t\t\t\t\t\t\t\t\t<p class=\"elementor-icon-box-description\">\n\t\t\t\t\t\tPortfolio moich dotychczasowych projekt\u00f3w.\t\t\t\t\t<\/p>\n\t\t\t\t\t\t\t<\/div>\n\t\t<\/div>\n\t\t\t\t<\/div>\n\t\t\t\t<\/div>\n\t\t\t\t<\/div>\n\t\t\t\t\t<\/div>\n\t\t\t\t<\/div>\n\t\t\t\t\t<\/div>\n\t\t\t\t<\/div>\n\t\t\t\t\t\t\t<\/div>\n\t\t","protected":false},"excerpt":{"rendered":"<p>O mnie Moja mi\u0142o\u015b\u0107 do komputer\u00f3w narodzi\u0142a jeszcze w dzieci\u0144stwie. By\u0142y to czasy w kt\u00f3rych MMX kr\u00f3lowa\u0142 a d\u017awi\u0119k \u0142\u0105czenia z internetem m\u00f3g\u0142 przyprawi\u0107 o zawa\u0142 serca. Przygod\u0119 z programowaniem zacz\u0105\u0142em w gimnazjum. Wtedy by\u0142 to, teraz ju\u017c dawno zapomniany, Turbo Pascal i nie\u015bmiertelny HTML. Od 2015 roku zajmuje si\u0119 obs\u0142ug\u0105 i programowaniem maszyn CNC w j\u0119zyku G-code, na potrzeby dzia\u0142u badawczo-rozwojowego. W mi\u0119dzyczasie studiowa\u0142em logistyk\u0119, co zaowocowa\u0142o zdobyciem tytu\u0142u in\u017cyniera. Po zako\u0144czeniu studi\u00f3w, zauwa\u017cy\u0142em jak bardzo brakuje mi uczenia si\u0119. Postanowi\u0142em \u017ce programowanie b\u0119dzie \u015bwietnym rozwini\u0119ciem moich dotychczasowych umiej\u0119tno\u015bci. Nie ma przecie\u017c nowoczesnej logistyki bez odpowiedniego oprogramowania. Po odrobinie\u2026<\/p>\n","protected":false},"author":1,"featured_media":0,"parent":0,"menu_order":0,"comment_status":"closed","ping_status":"closed","template":"","meta":{"footnotes":""},"class_list":["post-698","page","type-page","status-publish","hentry"],"blocksy_meta":{"page_title_panel":"","has_hero_section":"disabled","44aba6825f3f695b34ff7f5938af02e4":"","hero_section":"type-1","hero_elements":[{"id":"custom_title","enabled":true,"heading_tag":"h1","title":"Home"},{"id":"custom_description","enabled":true,"description_visibility":{"desktop":true,"tablet":true,"mobile":false}},{"id":"custom_meta","enabled":false,"meta_elements":[{"id":"author","enabled":true,"label":"By","has_author_avatar":"yes","avatar_size":25},{"id":"post_date","enabled":true,"label":"On","date_format_source":"default","date_format":"M j, Y"},{"id":"updated_date","enabled":false,"label":"On","date_format_source":"default","date_format":"M j, Y"},{"id":"categories","enabled":false,"label":"In","style":"simple"},{"id":"comments","enabled":true}],"page_meta_elements":{"joined":true,"articles_count":true,"comments":true}},{"id":"breadcrumbs","enabled":false}],"0662b16171993dcc28750591d2c44dc2":"","hero_alignment1":"CT_CSS_SKIP_RULE","hero_margin":40,"hero_alignment2":"center","hero_vertical_alignment":"center","ec1f2a1ce54454f4acf89720477b7047":"","hero_structure":"narrow","367c1f360f7821105b4a996429833deb":"","page_title_bg_type":"featured_image","custom_hero_background":{"attachment_id":null},"page_title_image_size":"full","parallax":{"desktop":false,"tablet":false,"mobile":false},"2d9eb71dff97835f1ffa054857a6df1b":"","hero_height":"250px","pageTitleFont":{"family":"Default","variation":"Default","size":"30px","line-height":"CT_CSS_SKIP_RULE","letter-spacing":"CT_CSS_SKIP_RULE","text-transform":"CT_CSS_SKIP_RULE","text-decoration":"CT_CSS_SKIP_RULE"},"pageTitleFontColor":{"default":{"color":"CT_CSS_SKIP_RULEDEFAULT"}},"pageMetaFont":{"family":"Default","variation":"n6","size":"12px","line-height":"1.3","letter-spacing":"CT_CSS_SKIP_RULE","text-transform":"uppercase","text-decoration":"CT_CSS_SKIP_RULE"},"pageMetaFontColor":{"default":{"color":"CT_CSS_SKIP_RULEDEFAULT"},"hover":{"color":"CT_CSS_SKIP_RULEDEFAULT"}},"page_meta_button_type_font_colors":{"default":{"color":"CT_CSS_SKIP_RULEDEFAULT"},"hover":{"color":"CT_CSS_SKIP_RULEDEFAULT"}},"page_meta_button_type_background_colors":{"default":{"color":"CT_CSS_SKIP_RULEDEFAULT"},"hover":{"color":"CT_CSS_SKIP_RULEDEFAULT"}},"pageExcerptFont":{"family":"Default","variation":"Default","size":"CT_CSS_SKIP_RULE","line-height":"CT_CSS_SKIP_RULE","letter-spacing":"CT_CSS_SKIP_RULE","text-transform":"CT_CSS_SKIP_RULE","text-decoration":"CT_CSS_SKIP_RULE"},"pageExcerptColor":{"default":{"color":"CT_CSS_SKIP_RULEDEFAULT"}},"breadcrumbsFont":{"family":"Default","variation":"Default","size":"CT_CSS_SKIP_RULE","line-height":"CT_CSS_SKIP_RULE","letter-spacing":"CT_CSS_SKIP_RULE","text-transform":"CT_CSS_SKIP_RULE","text-decoration":"CT_CSS_SKIP_RULE"},"breadcrumbsFontColor":{"default":{"color":"CT_CSS_SKIP_RULEDEFAULT"},"initial":{"color":"CT_CSS_SKIP_RULEDEFAULT"},"hover":{"color":"CT_CSS_SKIP_RULEDEFAULT"}},"pageTitleOverlay":{"background_type":"color","background_pattern":"type-1","background_image":{"attachment_id":null,"x":0,"y":0},"gradient":"linear-gradient(135deg,rgba(6,147,227,1) 0%,rgb(155,81,224) 100%)","background_repeat":"repeat","background_size":"auto","background_attachment":"scroll","patternColor":{"default":{"color":"#e5e7ea"}},"overlayColor":{"default":{"color":"CT_CSS_SKIP_RULE"}},"backgroundColor":{"default":{"color":"CT_CSS_SKIP_RULE"}}},"pageTitleBackground":{"background_type":"color","background_pattern":"type-1","background_image":{"attachment_id":null,"x":0,"y":0},"gradient":"linear-gradient(135deg,rgba(6,147,227,1) 0%,rgb(155,81,224) 100%)","background_repeat":"repeat","background_size":"auto","background_attachment":"scroll","patternColor":{"default":{"color":"#e5e7ea"}},"overlayColor":{"default":{"color":"CT_CSS_SKIP_RULE"}},"backgroundColor":{"default":{"color":"var(--paletteColor6)"}}},"pageTitlePadding":{"top":"50px","bottom":"50px","left":"auto","right":"auto","linked":true},"a75f06046ec1a5b30d07341335351f04":"","page_structure_type":"default","14ae5c6fee8143226c976636cc8ae4e0":"","content_style_source":"inherit","content_style":"wide","vertical_spacing_source":"custom","content_area_spacing":"none","background":{"background_type":"color","background_pattern":"type-1","background_image":{"attachment_id":null,"x":0,"y":0},"gradient":"linear-gradient(135deg,rgba(6,147,227,1) 0%,rgb(155,81,224) 100%)","background_repeat":"repeat","background_size":"auto","background_attachment":"scroll","patternColor":{"default":{"color":"#e5e7ea"}},"overlayColor":{"default":{"color":"CT_CSS_SKIP_RULE"}},"backgroundColor":{"default":{"color":"CT_CSS_SKIP_RULE"}}},"content_background":{"background_type":"color","background_pattern":"type-1","background_image":{"attachment_id":null,"x":0,"y":0},"gradient":"linear-gradient(135deg,rgba(6,147,227,1) 0%,rgb(155,81,224) 100%)","background_repeat":"repeat","background_size":"auto","background_attachment":"scroll","patternColor":{"default":{"color":"#e5e7ea"}},"overlayColor":{"default":{"color":"CT_CSS_SKIP_RULE"}},"backgroundColor":{"default":{"color":"var(--paletteColor8)"}}},"content_boxed_shadow":{"inherit":false,"blur":18,"spread":-6,"v_offset":12,"h_offset":0,"inset":false,"enable":true,"color":{"color":"rgba(34, 56, 101, 0.04)"}},"content_boxed_border":{"width":1,"style":"none","color":{"color":"rgba(44,62,80,0.2)"}},"content_boxed_radius":{"top":"3px","bottom":"3px","left":"3px","right":"3px","linked":true},"boxed_content_spacing":{"desktop":{"top":"40px","bottom":"40px","left":"40px","right":"40px","linked":true},"tablet":{"top":"35px","bottom":"35px","left":"35px","right":"35px","linked":true},"mobile":{"top":"20px","bottom":"20px","left":"20px","right":"20px","linked":true}},"98280511bbd1dccaacef82151bbf4f04":"","disable_featured_image":"no","disable_share_box":"no","disable_header":"no","disable_footer":"no","styles_descriptor":{"styles":{"desktop":"","tablet":"","mobile":""},"google_fonts":[],"version":5}},"_links":{"self":[{"href":"https:\/\/lamotbach.com\/index.php\/wp-json\/wp\/v2\/pages\/698","targetHints":{"allow":["GET"]}}],"collection":[{"href":"https:\/\/lamotbach.com\/index.php\/wp-json\/wp\/v2\/pages"}],"about":[{"href":"https:\/\/lamotbach.com\/index.php\/wp-json\/wp\/v2\/types\/page"}],"author":[{"embeddable":true,"href":"https:\/\/lamotbach.com\/index.php\/wp-json\/wp\/v2\/users\/1"}],"replies":[{"embeddable":true,"href":"https:\/\/lamotbach.com\/index.php\/wp-json\/wp\/v2\/comments?post=698"}],"version-history":[{"count":34,"href":"https:\/\/lamotbach.com\/index.php\/wp-json\/wp\/v2\/pages\/698\/revisions"}],"predecessor-version":[{"id":1305,"href":"https:\/\/lamotbach.com\/index.php\/wp-json\/wp\/v2\/pages\/698\/revisions\/1305"}],"wp:attachment":[{"href":"https:\/\/lamotbach.com\/index.php\/wp-json\/wp\/v2\/media?parent=698"}],"curies":[{"name":"wp","href":"https:\/\/api.w.org\/{rel}","templated":true}]}}